{"id":14485,"date":"2023-07-06T14:28:15","date_gmt":"2023-07-06T11:28:15","guid":{"rendered":"https:\/\/emskontrol.com\/hakkimizda\/"},"modified":"2026-02-23T14:38:11","modified_gmt":"2026-02-23T11:38:11","slug":"about-us","status":"publish","type":"page","link":"https:\/\/emskontrol.com\/en\/about-us","title":{"rendered":"About Us"},"content":{"rendered":"\t\t<div data-elementor-type=\"wp-page\" data-elementor-id=\"14485\" class=\"elementor elementor-14485 elementor-13427\">\n\t\t\t\t\t\t<section class=\"elementor-section elementor-top-section elementor-element elementor-element-c803137 elementor-section-boxed elementor-section-height-default elementor-section-height-default\" data-id=\"c803137\" data-element_type=\"section\">\n\t\t\t\t\t\t<div class=\"elementor-container elementor-column-gap-default\">\n\t\t\t\t\t<div class=\"elementor-column elementor-col-50 elementor-top-column elementor-element elementor-element-d095d5e\" data-id=\"d095d5e\" data-element_type=\"column\">\n\t\t\t<div class=\"elementor-widget-wrap elementor-element-populated\">\n\t\t\t\t\t\t<div class=\"elementor-element elementor-element-1a0b903 elementor-widget elementor-widget-text-editor\" data-id=\"1a0b903\" data-element_type=\"widget\" data-widget_type=\"text-editor.default\">\n\t\t\t\t<div class=\"elementor-widget-container\">\n\t\t\t\t\t\t\t\t\t<p><strong>EMS KONTROL ELEKTRON\u0130K ve MAK\u0130NE A.\u015e.<\/strong>\u00a0team, carries out the embedded design,\u00a0<strong>software design<\/strong>\u00a0and production of sensors and automation systems with the experience the team has gained since 2012. Our company continues to create value by determining customer satisfaction pre and after sales as its primary target. With our strong technical infrastructure, as\u00a0<strong>EMS Control<\/strong>, we give priority and importance to R&amp;D projects. While we closely follow the technological developments in the world, we create innovation with unique products that we produce. At the forefront of our company principles is not to compromise on originality. We\u00a0<strong>design<\/strong>\u00a0and\u00a0<strong>produce<\/strong>\u00a0products that will fully meet the needs of our customers with an innovative perspective. In this sense, each of our products bears the signature of\u00a0<strong>EMS Kontrol.<\/strong><\/p>\t\t\t\t\t\t\t\t<\/div>\n\t\t\t\t<\/div>\n\t\t\t\t\t<\/div>\n\t\t<\/div>\n\t\t\t\t<div class=\"elementor-column elementor-col-50 elementor-top-column elementor-element elementor-element-c70bbd0\" data-id=\"c70bbd0\" data-element_type=\"column\">\n\t\t\t<div class=\"elementor-widget-wrap elementor-element-populated\">\n\t\t\t\t\t\t<div class=\"elementor-element elementor-element-109e37c elementor-widget elementor-widget-text-editor\" data-id=\"109e37c\" data-element_type=\"widget\" data-widget_type=\"text-editor.default\">\n\t\t\t\t<div class=\"elementor-widget-container\">\n\t\t\t\t\t\t\t\t\t<p>Our company, which has been advancing with the target of export since the first day of its establishment, also carries out serious studies in order to open our\u00a0<strong>products<\/strong>, which were created by our Turkish\u00a0<strong>engineers<\/strong>, to foreign markets. Since the day we were founded, we have been offering reliable solutions by never compromising on quality, with our understanding that prioritizes customer satisfaction at every stage from design to production, from marketing to after-sales support services. As\u00a0<strong>EMS Kontrol<\/strong>, we produce products that make a difference for all sectors where smart systems are needed, especially in agriculture, animal husbandry and industrial automation. As\u00a0<strong>EMS Kontrol<\/strong>, we facilitate the work of our customers with our goal-oriented, functional and innovative\u00a0<strong>products<\/strong>, and on the other hand, we support the growth of companies with our solutions that save resources while increasing production.<\/p>\t\t\t\t\t\t\t\t<\/div>\n\t\t\t\t<\/div>\n\t\t\t\t\t<\/div>\n\t\t<\/div>\n\t\t\t\t\t<\/div>\n\t\t<\/section>\n\t\t\t\t<section class=\"elementor-section elementor-top-section elementor-element elementor-element-85be12f elementor-section-boxed elementor-section-height-default elementor-section-height-default\" data-id=\"85be12f\" data-element_type=\"section\">\n\t\t\t\t\t\t<div class=\"elementor-container elementor-column-gap-default\">\n\t\t\t\t\t<div class=\"elementor-column elementor-col-100 elementor-top-column elementor-element elementor-element-503f0db\" data-id=\"503f0db\" data-element_type=\"column\">\n\t\t\t<div class=\"elementor-widget-wrap elementor-element-populated\">\n\t\t\t\t\t\t<div class=\"elementor-element elementor-element-e95cc6c gallery-spacing-custom elementor-widget elementor-widget-image-gallery\" data-id=\"e95cc6c\" data-element_type=\"widget\" data-widget_type=\"image-gallery.default\">\n\t\t\t\t<div class=\"elementor-widget-container\">\n\t\t\t\t\t\t\t<div class=\"elementor-image-gallery\">\n\t\t\t<div id='gallery-1' class='gallery galleryid-14485 gallery-columns-4 gallery-size-full'><figure class='gallery-item'>\n\t\t\t<div class='gallery-icon landscape'>\n\t\t\t\t<a data-elementor-open-lightbox=\"yes\" data-elementor-lightbox-slideshow=\"e95cc6c\" data-elementor-lightbox-title=\"ems-kontrol-gorseller-5\" data-e-action-hash=\"#elementor-action%3Aaction%3Dlightbox%26settings%3DeyJpZCI6MTQyNTMsInVybCI6Imh0dHBzOlwvXC9lbXNrb250cm9sLmNvbVwvd3AtY29udGVudFwvdXBsb2Fkc1wvMjAyM1wvMDdcL2Vtcy1rb250cm9sLWdvcnNlbGxlci01LmpwZyIsInNsaWRlc2hvdyI6ImU5NWNjNmMifQ%3D%3D\" href='https:\/\/emskontrol.com\/wp-content\/uploads\/2023\/07\/ems-kontrol-gorseller-5.jpg'><img fetchpriority=\"high\" decoding=\"async\" width=\"800\" height=\"533\" src=\"https:\/\/emskontrol.com\/wp-content\/uploads\/2023\/07\/ems-kontrol-gorseller-5.jpg\" class=\"attachment-full size-full\" alt=\"\" srcset=\"https:\/\/emskontrol.com\/wp-content\/uploads\/2023\/07\/ems-kontrol-gorseller-5.jpg 800w, https:\/\/emskontrol.com\/wp-content\/uploads\/2023\/07\/ems-kontrol-gorseller-5-600x400.jpg 600w, https:\/\/emskontrol.com\/wp-content\/uploads\/2023\/07\/ems-kontrol-gorseller-5-300x200.jpg 300w, https:\/\/emskontrol.com\/wp-content\/uploads\/2023\/07\/ems-kontrol-gorseller-5-768x512.jpg 768w\" sizes=\"(max-width: 800px) 100vw, 800px\" \/><\/a>\n\t\t\t<\/div><\/figure><figure class='gallery-item'>\n\t\t\t<div class='gallery-icon landscape'>\n\t\t\t\t<a data-elementor-open-lightbox=\"yes\" data-elementor-lightbox-slideshow=\"e95cc6c\" data-elementor-lightbox-title=\"ems-kontrol-gorseller1\" data-e-action-hash=\"#elementor-action%3Aaction%3Dlightbox%26settings%3DeyJpZCI6MTQyNTQsInVybCI6Imh0dHBzOlwvXC9lbXNrb250cm9sLmNvbVwvd3AtY29udGVudFwvdXBsb2Fkc1wvMjAyM1wvMDdcL2Vtcy1rb250cm9sLWdvcnNlbGxlcjEuanBnIiwic2xpZGVzaG93IjoiZTk1Y2M2YyJ9\" href='https:\/\/emskontrol.com\/wp-content\/uploads\/2023\/07\/ems-kontrol-gorseller1.jpg'><img decoding=\"async\" width=\"800\" height=\"533\" src=\"https:\/\/emskontrol.com\/wp-content\/uploads\/2023\/07\/ems-kontrol-gorseller1.jpg\" class=\"attachment-full size-full\" alt=\"\" srcset=\"https:\/\/emskontrol.com\/wp-content\/uploads\/2023\/07\/ems-kontrol-gorseller1.jpg 800w, https:\/\/emskontrol.com\/wp-content\/uploads\/2023\/07\/ems-kontrol-gorseller1-600x400.jpg 600w, https:\/\/emskontrol.com\/wp-content\/uploads\/2023\/07\/ems-kontrol-gorseller1-300x200.jpg 300w, https:\/\/emskontrol.com\/wp-content\/uploads\/2023\/07\/ems-kontrol-gorseller1-768x512.jpg 768w\" sizes=\"(max-width: 800px) 100vw, 800px\" \/><\/a>\n\t\t\t<\/div><\/figure><figure class='gallery-item'>\n\t\t\t<div class='gallery-icon landscape'>\n\t\t\t\t<a data-elementor-open-lightbox=\"yes\" data-elementor-lightbox-slideshow=\"e95cc6c\" data-elementor-lightbox-title=\"ems-kontrol-gorseller8\" data-e-action-hash=\"#elementor-action%3Aaction%3Dlightbox%26settings%3DeyJpZCI6MTQyNTUsInVybCI6Imh0dHBzOlwvXC9lbXNrb250cm9sLmNvbVwvd3AtY29udGVudFwvdXBsb2Fkc1wvMjAyM1wvMDdcL2Vtcy1rb250cm9sLWdvcnNlbGxlcjguanBnIiwic2xpZGVzaG93IjoiZTk1Y2M2YyJ9\" href='https:\/\/emskontrol.com\/wp-content\/uploads\/2023\/07\/ems-kontrol-gorseller8.jpg'><img decoding=\"async\" width=\"800\" height=\"533\" src=\"https:\/\/emskontrol.com\/wp-content\/uploads\/2023\/07\/ems-kontrol-gorseller8.jpg\" class=\"attachment-full size-full\" alt=\"\" srcset=\"https:\/\/emskontrol.com\/wp-content\/uploads\/2023\/07\/ems-kontrol-gorseller8.jpg 800w, https:\/\/emskontrol.com\/wp-content\/uploads\/2023\/07\/ems-kontrol-gorseller8-600x400.jpg 600w, https:\/\/emskontrol.com\/wp-content\/uploads\/2023\/07\/ems-kontrol-gorseller8-300x200.jpg 300w, https:\/\/emskontrol.com\/wp-content\/uploads\/2023\/07\/ems-kontrol-gorseller8-768x512.jpg 768w\" sizes=\"(max-width: 800px) 100vw, 800px\" \/><\/a>\n\t\t\t<\/div><\/figure><figure class='gallery-item'>\n\t\t\t<div class='gallery-icon landscape'>\n\t\t\t\t<a data-elementor-open-lightbox=\"yes\" data-elementor-lightbox-slideshow=\"e95cc6c\" data-elementor-lightbox-title=\"ems-kontrol-gorseller2\" data-e-action-hash=\"#elementor-action%3Aaction%3Dlightbox%26settings%3DeyJpZCI6MTQyNTYsInVybCI6Imh0dHBzOlwvXC9lbXNrb250cm9sLmNvbVwvd3AtY29udGVudFwvdXBsb2Fkc1wvMjAyM1wvMDdcL2Vtcy1rb250cm9sLWdvcnNlbGxlcjIuanBnIiwic2xpZGVzaG93IjoiZTk1Y2M2YyJ9\" href='https:\/\/emskontrol.com\/wp-content\/uploads\/2023\/07\/ems-kontrol-gorseller2.jpg'><img loading=\"lazy\" decoding=\"async\" width=\"800\" height=\"533\" src=\"https:\/\/emskontrol.com\/wp-content\/uploads\/2023\/07\/ems-kontrol-gorseller2.jpg\" class=\"attachment-full size-full\" alt=\"\" srcset=\"https:\/\/emskontrol.com\/wp-content\/uploads\/2023\/07\/ems-kontrol-gorseller2.jpg 800w, https:\/\/emskontrol.com\/wp-content\/uploads\/2023\/07\/ems-kontrol-gorseller2-600x400.jpg 600w, https:\/\/emskontrol.com\/wp-content\/uploads\/2023\/07\/ems-kontrol-gorseller2-300x200.jpg 300w, https:\/\/emskontrol.com\/wp-content\/uploads\/2023\/07\/ems-kontrol-gorseller2-768x512.jpg 768w\" sizes=\"(max-width: 800px) 100vw, 800px\" \/><\/a>\n\t\t\t<\/div><\/figure><figure class='gallery-item'>\n\t\t\t<div class='gallery-icon landscape'>\n\t\t\t\t<a data-elementor-open-lightbox=\"yes\" data-elementor-lightbox-slideshow=\"e95cc6c\" data-elementor-lightbox-title=\"ems-kontrol-gorseller-4\" data-e-action-hash=\"#elementor-action%3Aaction%3Dlightbox%26settings%3DeyJpZCI6MTQyNTcsInVybCI6Imh0dHBzOlwvXC9lbXNrb250cm9sLmNvbVwvd3AtY29udGVudFwvdXBsb2Fkc1wvMjAyM1wvMDdcL2Vtcy1rb250cm9sLWdvcnNlbGxlci00LmpwZyIsInNsaWRlc2hvdyI6ImU5NWNjNmMifQ%3D%3D\" href='https:\/\/emskontrol.com\/wp-content\/uploads\/2023\/07\/ems-kontrol-gorseller-4.jpg'><img loading=\"lazy\" decoding=\"async\" width=\"800\" height=\"533\" src=\"https:\/\/emskontrol.com\/wp-content\/uploads\/2023\/07\/ems-kontrol-gorseller-4.jpg\" class=\"attachment-full size-full\" alt=\"\" srcset=\"https:\/\/emskontrol.com\/wp-content\/uploads\/2023\/07\/ems-kontrol-gorseller-4.jpg 800w, https:\/\/emskontrol.com\/wp-content\/uploads\/2023\/07\/ems-kontrol-gorseller-4-600x400.jpg 600w, https:\/\/emskontrol.com\/wp-content\/uploads\/2023\/07\/ems-kontrol-gorseller-4-300x200.jpg 300w, https:\/\/emskontrol.com\/wp-content\/uploads\/2023\/07\/ems-kontrol-gorseller-4-768x512.jpg 768w\" sizes=\"(max-width: 800px) 100vw, 800px\" \/><\/a>\n\t\t\t<\/div><\/figure><figure class='gallery-item'>\n\t\t\t<div class='gallery-icon landscape'>\n\t\t\t\t<a data-elementor-open-lightbox=\"yes\" data-elementor-lightbox-slideshow=\"e95cc6c\" data-elementor-lightbox-title=\"ems-kontrol-gorseller7\" data-e-action-hash=\"#elementor-action%3Aaction%3Dlightbox%26settings%3DeyJpZCI6MTQyNTgsInVybCI6Imh0dHBzOlwvXC9lbXNrb250cm9sLmNvbVwvd3AtY29udGVudFwvdXBsb2Fkc1wvMjAyM1wvMDdcL2Vtcy1rb250cm9sLWdvcnNlbGxlcjcuanBnIiwic2xpZGVzaG93IjoiZTk1Y2M2YyJ9\" href='https:\/\/emskontrol.com\/wp-content\/uploads\/2023\/07\/ems-kontrol-gorseller7.jpg'><img loading=\"lazy\" decoding=\"async\" width=\"800\" height=\"533\" src=\"https:\/\/emskontrol.com\/wp-content\/uploads\/2023\/07\/ems-kontrol-gorseller7.jpg\" class=\"attachment-full size-full\" alt=\"\" srcset=\"https:\/\/emskontrol.com\/wp-content\/uploads\/2023\/07\/ems-kontrol-gorseller7.jpg 800w, https:\/\/emskontrol.com\/wp-content\/uploads\/2023\/07\/ems-kontrol-gorseller7-600x400.jpg 600w, https:\/\/emskontrol.com\/wp-content\/uploads\/2023\/07\/ems-kontrol-gorseller7-300x200.jpg 300w, https:\/\/emskontrol.com\/wp-content\/uploads\/2023\/07\/ems-kontrol-gorseller7-768x512.jpg 768w\" sizes=\"(max-width: 800px) 100vw, 800px\" \/><\/a>\n\t\t\t<\/div><\/figure><figure class='gallery-item'>\n\t\t\t<div class='gallery-icon landscape'>\n\t\t\t\t<a data-elementor-open-lightbox=\"yes\" data-elementor-lightbox-slideshow=\"e95cc6c\" data-elementor-lightbox-title=\"WhatsApp Image 2026-02-23 at 14.07.121\" data-e-action-hash=\"#elementor-action%3Aaction%3Dlightbox%26settings%3DeyJpZCI6MTkxMjksInVybCI6Imh0dHBzOlwvXC9lbXNrb250cm9sLmNvbVwvd3AtY29udGVudFwvdXBsb2Fkc1wvMjAyNlwvMDJcL1doYXRzQXBwLUltYWdlLTIwMjYtMDItMjMtYXQtMTQuMDcuMTIxLTEuanBnIiwic2xpZGVzaG93IjoiZTk1Y2M2YyJ9\" href='https:\/\/emskontrol.com\/wp-content\/uploads\/2026\/02\/WhatsApp-Image-2026-02-23-at-14.07.121-1.jpg'><img loading=\"lazy\" decoding=\"async\" width=\"2048\" height=\"1366\" src=\"https:\/\/emskontrol.com\/wp-content\/uploads\/2026\/02\/WhatsApp-Image-2026-02-23-at-14.07.121-1.jpg\" class=\"attachment-full size-full\" alt=\"\" srcset=\"https:\/\/emskontrol.com\/wp-content\/uploads\/2026\/02\/WhatsApp-Image-2026-02-23-at-14.07.121-1.jpg 2048w, https:\/\/emskontrol.com\/wp-content\/uploads\/2026\/02\/WhatsApp-Image-2026-02-23-at-14.07.121-1-300x200.jpg 300w, https:\/\/emskontrol.com\/wp-content\/uploads\/2026\/02\/WhatsApp-Image-2026-02-23-at-14.07.121-1-1024x683.jpg 1024w, https:\/\/emskontrol.com\/wp-content\/uploads\/2026\/02\/WhatsApp-Image-2026-02-23-at-14.07.121-1-768x512.jpg 768w, https:\/\/emskontrol.com\/wp-content\/uploads\/2026\/02\/WhatsApp-Image-2026-02-23-at-14.07.121-1-1536x1025.jpg 1536w, https:\/\/emskontrol.com\/wp-content\/uploads\/2026\/02\/WhatsApp-Image-2026-02-23-at-14.07.121-1-600x400.jpg 600w\" sizes=\"(max-width: 2048px) 100vw, 2048px\" \/><\/a>\n\t\t\t<\/div><\/figure><figure class='gallery-item'>\n\t\t\t<div class='gallery-icon landscape'>\n\t\t\t\t<a data-elementor-open-lightbox=\"yes\" data-elementor-lightbox-slideshow=\"e95cc6c\" data-elementor-lightbox-title=\"temsil-plaza-21\" data-e-action-hash=\"#elementor-action%3Aaction%3Dlightbox%26settings%3DeyJpZCI6MTkxMzMsInVybCI6Imh0dHBzOlwvXC9lbXNrb250cm9sLmNvbVwvd3AtY29udGVudFwvdXBsb2Fkc1wvMjAyNlwvMDJcL3RlbXNpbC1wbGF6YS0yMS0xLmpwZyIsInNsaWRlc2hvdyI6ImU5NWNjNmMifQ%3D%3D\" href='https:\/\/emskontrol.com\/wp-content\/uploads\/2026\/02\/temsil-plaza-21-1.jpg'><img loading=\"lazy\" decoding=\"async\" width=\"1024\" height=\"681\" src=\"https:\/\/emskontrol.com\/wp-content\/uploads\/2026\/02\/temsil-plaza-21-1.jpg\" class=\"attachment-full size-full\" alt=\"\" srcset=\"https:\/\/emskontrol.com\/wp-content\/uploads\/2026\/02\/temsil-plaza-21-1.jpg 1024w, https:\/\/emskontrol.com\/wp-content\/uploads\/2026\/02\/temsil-plaza-21-1-300x200.jpg 300w, https:\/\/emskontrol.com\/wp-content\/uploads\/2026\/02\/temsil-plaza-21-1-768x511.jpg 768w, https:\/\/emskontrol.com\/wp-content\/uploads\/2026\/02\/temsil-plaza-21-1-600x399.jpg 600w\" sizes=\"(max-width: 1024px) 100vw, 1024px\" \/><\/a>\n\t\t\t<\/div><\/figure>\n\t\t<\/div>\n\t\t<\/div>\n\t\t\t\t\t\t<\/div>\n\t\t\t\t<\/div>\n\t\t\t\t\t<\/div>\n\t\t<\/div>\n\t\t\t\t\t<\/div>\n\t\t<\/section>\n\t\t\t\t<section class=\"elementor-section elementor-top-section elementor-element elementor-element-ccd9df0 elementor-section-full_width elementor-section-height-default elementor-section-height-default\" data-id=\"ccd9df0\" data-element_type=\"section\" data-settings=\"{&quot;background_background&quot;:&quot;classic&quot;}\">\n\t\t\t\t\t\t<div class=\"elementor-container elementor-column-gap-default\">\n\t\t\t\t\t<div class=\"elementor-column elementor-col-100 elementor-top-column elementor-element elementor-element-8c3b319\" data-id=\"8c3b319\" data-element_type=\"column\">\n\t\t\t<div class=\"elementor-widget-wrap elementor-element-populated\">\n\t\t\t\t\t\t<section class=\"elementor-section elementor-inner-section elementor-element elementor-element-8bf7e56 elementor-section-boxed elementor-section-height-default elementor-section-height-default\" data-id=\"8bf7e56\" data-element_type=\"section\">\n\t\t\t\t\t\t<div class=\"elementor-container elementor-column-gap-default\">\n\t\t\t\t\t<div class=\"elementor-column elementor-col-100 elementor-inner-column elementor-element elementor-element-180b345\" data-id=\"180b345\" data-element_type=\"column\">\n\t\t\t<div class=\"elementor-widget-wrap elementor-element-populated\">\n\t\t\t\t\t\t<div class=\"elementor-element elementor-element-104dd38 elementor-widget elementor-widget-text-editor\" data-id=\"104dd38\" data-element_type=\"widget\" data-widget_type=\"text-editor.default\">\n\t\t\t\t<div class=\"elementor-widget-container\">\n\t\t\t\t\t\t\t\t\t<h4><strong>Departments<\/strong><\/h4>\t\t\t\t\t\t\t\t<\/div>\n\t\t\t\t<\/div>\n\t\t\t\t\t<\/div>\n\t\t<\/div>\n\t\t\t\t\t<\/div>\n\t\t<\/section>\n\t\t\t\t<section class=\"elementor-section elementor-inner-section elementor-element elementor-element-8bdb2a1 elementor-section-boxed elementor-section-height-default elementor-section-height-default\" data-id=\"8bdb2a1\" data-element_type=\"section\">\n\t\t\t\t\t\t<div class=\"elementor-container elementor-column-gap-default\">\n\t\t\t\t\t<div class=\"elementor-column elementor-col-33 elementor-inner-column elementor-element elementor-element-fc23111\" data-id=\"fc23111\" data-element_type=\"column\" data-settings=\"{&quot;background_background&quot;:&quot;classic&quot;}\">\n\t\t\t<div class=\"elementor-widget-wrap elementor-element-populated\">\n\t\t\t\t\t\t<div class=\"elementor-element elementor-element-99f63a2 elementor-view-default elementor-widget elementor-widget-icon\" data-id=\"99f63a2\" data-element_type=\"widget\" data-widget_type=\"icon.default\">\n\t\t\t\t<div class=\"elementor-widget-container\">\n\t\t\t\t\t\t\t<div class=\"elementor-icon-wrapper\">\n\t\t\t<div class=\"elementor-icon\">\n\t\t\t<i aria-hidden=\"true\" class=\"fas fa-shipping-fast\"><\/i>\t\t\t<\/div>\n\t\t<\/div>\n\t\t\t\t\t\t<\/div>\n\t\t\t\t<\/div>\n\t\t\t\t<div class=\"elementor-element elementor-element-4c45960 elementor-widget elementor-widget-text-editor\" data-id=\"4c45960\" data-element_type=\"widget\" data-widget_type=\"text-editor.default\">\n\t\t\t\t<div class=\"elementor-widget-container\">\n\t\t\t\t\t\t\t\t\t<h5 class=\"porto-sicon-title\"><strong>SALES<\/strong><\/h5>\t\t\t\t\t\t\t\t<\/div>\n\t\t\t\t<\/div>\n\t\t\t\t<div class=\"elementor-element elementor-element-a66923f elementor-widget elementor-widget-text-editor\" data-id=\"a66923f\" data-element_type=\"widget\" data-widget_type=\"text-editor.default\">\n\t\t\t\t<div class=\"elementor-widget-container\">\n\t\t\t\t\t\t\t\t\t<p>Customer satisfaction pre and after sales is our company\u2019s primary goal.<\/p>\t\t\t\t\t\t\t\t<\/div>\n\t\t\t\t<\/div>\n\t\t\t\t\t<\/div>\n\t\t<\/div>\n\t\t\t\t<div class=\"elementor-column elementor-col-33 elementor-inner-column elementor-element elementor-element-27ffc6a\" data-id=\"27ffc6a\" data-element_type=\"column\" data-settings=\"{&quot;background_background&quot;:&quot;classic&quot;}\">\n\t\t\t<div class=\"elementor-widget-wrap elementor-element-populated\">\n\t\t\t\t\t\t<div class=\"elementor-element elementor-element-d119afa elementor-view-default elementor-widget elementor-widget-icon\" data-id=\"d119afa\" data-element_type=\"widget\" data-widget_type=\"icon.default\">\n\t\t\t\t<div class=\"elementor-widget-container\">\n\t\t\t\t\t\t\t<div class=\"elementor-icon-wrapper\">\n\t\t\t<div class=\"elementor-icon\">\n\t\t\t<i aria-hidden=\"true\" class=\"fas fa-headset\"><\/i>\t\t\t<\/div>\n\t\t<\/div>\n\t\t\t\t\t\t<\/div>\n\t\t\t\t<\/div>\n\t\t\t\t<div class=\"elementor-element elementor-element-0f1bb8f elementor-widget elementor-widget-text-editor\" data-id=\"0f1bb8f\" data-element_type=\"widget\" data-widget_type=\"text-editor.default\">\n\t\t\t\t<div class=\"elementor-widget-container\">\n\t\t\t\t\t\t\t\t\t<h5 class=\"porto-sicon-title\"><strong>TECHNICAL SERVICE<\/strong><\/h5>\t\t\t\t\t\t\t\t<\/div>\n\t\t\t\t<\/div>\n\t\t\t\t<div class=\"elementor-element elementor-element-15bfe13 elementor-widget elementor-widget-text-editor\" data-id=\"15bfe13\" data-element_type=\"widget\" data-widget_type=\"text-editor.default\">\n\t\t\t\t<div class=\"elementor-widget-container\">\n\t\t\t\t\t\t\t\t\t<p>Maintenance Remote<br \/>Installation Support<\/p>\t\t\t\t\t\t\t\t<\/div>\n\t\t\t\t<\/div>\n\t\t\t\t\t<\/div>\n\t\t<\/div>\n\t\t\t\t<div class=\"elementor-column elementor-col-33 elementor-inner-column elementor-element elementor-element-6db77d9\" data-id=\"6db77d9\" data-element_type=\"column\" data-settings=\"{&quot;background_background&quot;:&quot;classic&quot;}\">\n\t\t\t<div class=\"elementor-widget-wrap elementor-element-populated\">\n\t\t\t\t\t\t<div class=\"elementor-element elementor-element-baa1b48 elementor-view-default elementor-widget elementor-widget-icon\" data-id=\"baa1b48\" data-element_type=\"widget\" data-widget_type=\"icon.default\">\n\t\t\t\t<div class=\"elementor-widget-container\">\n\t\t\t\t\t\t\t<div class=\"elementor-icon-wrapper\">\n\t\t\t<div class=\"elementor-icon\">\n\t\t\t<i aria-hidden=\"true\" class=\"fas fa-cogs\"><\/i>\t\t\t<\/div>\n\t\t<\/div>\n\t\t\t\t\t\t<\/div>\n\t\t\t\t<\/div>\n\t\t\t\t<div class=\"elementor-element elementor-element-71f8a1b elementor-widget elementor-widget-text-editor\" data-id=\"71f8a1b\" data-element_type=\"widget\" data-widget_type=\"text-editor.default\">\n\t\t\t\t<div class=\"elementor-widget-container\">\n\t\t\t\t\t\t\t\t\t<h5 class=\"porto-sicon-title\"><strong>R&#038;D<\/strong><\/h5>\t\t\t\t\t\t\t\t<\/div>\n\t\t\t\t<\/div>\n\t\t\t\t<div class=\"elementor-element elementor-element-c3fd09d elementor-widget elementor-widget-text-editor\" data-id=\"c3fd09d\" data-element_type=\"widget\" data-widget_type=\"text-editor.default\">\n\t\t\t\t<div class=\"elementor-widget-container\">\n\t\t\t\t\t\t\t\t\t<p>With our strong technical infrastructure, as EMS Kontrol, we give priority and importance to R&amp;D projects.<\/p>\t\t\t\t\t\t\t\t<\/div>\n\t\t\t\t<\/div>\n\t\t\t\t\t<\/div>\n\t\t<\/div>\n\t\t\t\t\t<\/div>\n\t\t<\/section>\n\t\t\t\t\t<\/div>\n\t\t<\/div>\n\t\t\t\t\t<\/div>\n\t\t<\/section>\n\t\t\t\t<\/div>\n\t\t","protected":false},"excerpt":{"rendered":"<p>EMS KONTROL ELEKTRON\u0130K ve MAK\u0130NE A.\u015e.\u00a0team, carries out the embedded design,\u00a0software design\u00a0and production of sensors and automation systems with the experience the team has gained since 2012. Our company continues to create value by determining customer satisfaction pre and after&#8230;<\/p>\n","protected":false},"author":1,"featured_media":0,"parent":0,"menu_order":0,"comment_status":"closed","ping_status":"open","template":"","meta":{"footnotes":""},"class_list":["post-14485","page","type-page","status-publish","hentry"],"_links":{"self":[{"href":"https:\/\/emskontrol.com\/en\/wp-json\/wp\/v2\/pages\/14485","targetHints":{"allow":["GET"]}}],"collection":[{"href":"https:\/\/emskontrol.com\/en\/wp-json\/wp\/v2\/pages"}],"about":[{"href":"https:\/\/emskontrol.com\/en\/wp-json\/wp\/v2\/types\/page"}],"author":[{"embeddable":true,"href":"https:\/\/emskontrol.com\/en\/wp-json\/wp\/v2\/users\/1"}],"replies":[{"embeddable":true,"href":"https:\/\/emskontrol.com\/en\/wp-json\/wp\/v2\/comments?post=14485"}],"version-history":[{"count":12,"href":"https:\/\/emskontrol.com\/en\/wp-json\/wp\/v2\/pages\/14485\/revisions"}],"predecessor-version":[{"id":19140,"href":"https:\/\/emskontrol.com\/en\/wp-json\/wp\/v2\/pages\/14485\/revisions\/19140"}],"wp:attachment":[{"href":"https:\/\/emskontrol.com\/en\/wp-json\/wp\/v2\/media?parent=14485"}],"curies":[{"name":"wp","href":"https:\/\/api.w.org\/{rel}","templated":true}]}}